{"id":6042,"date":"2022-05-05T06:39:26","date_gmt":"2022-05-05T06:39:26","guid":{"rendered":"https:\/\/einitia.com\/kit\/?page_id=3"},"modified":"2024-09-20T12:43:49","modified_gmt":"2024-09-20T10:43:49","slug":"cookies","status":"publish","type":"page","link":"https:\/\/einitia.com\/kit\/cookies\/","title":{"rendered":"Politica De Cookies"},"content":{"rendered":"\t\t<div data-elementor-type=\"wp-page\" data-elementor-id=\"6042\" class=\"elementor elementor-6042\">\n\t\t\t\t\t\t<section class=\"elementor-section elementor-top-section elementor-element elementor-element-79d47c29 elementor-section-boxed elementor-section-height-default elementor-section-height-default\" data-id=\"79d47c29\" data-element_type=\"section\">\n\t\t\t\t\t\t<div class=\"elementor-container elementor-column-gap-default\">\n\t\t\t\t\t<div class=\"elementor-column elementor-col-100 elementor-top-column elementor-element elementor-element-7d21c1fe\" data-id=\"7d21c1fe\" data-element_type=\"column\">\n\t\t\t<div class=\"elementor-widget-wrap elementor-element-populated\">\n\t\t\t\t\t\t<div class=\"elementor-element elementor-element-65caea93 elementor-widget elementor-widget-text-editor\" data-id=\"65caea93\" data-element_type=\"widget\" data-widget_type=\"text-editor.default\">\n\t\t\t\t<div class=\"elementor-widget-container\">\n\t\t\t\t\t\t\t<style>\n    a.cky-banner-element {\n        padding: 8px 30px;\n        background: #F8F9FA;\n        color: #858A8F;\n        border: 1px solid #DEE2E6;\n        box-sizing: border-box;\n        border-radius: 2px;\n        cursor: pointer;\n}\n<\/style>\n\n<h1 class=\"cookie-policy-h1\">Pol\u00edtica de Cookies<\/h1>\n<p>\n    Fecha de entrada en vigor: 20-Sep-2024 <br>\n    \u00daltima actualizaci\u00f3n: 20-Sep-2024\n<\/p>\n\n&nbsp;\n<h5>\u00bfQu\u00e9 son las cookies?<\/h5>\n<div class=\"cookie-policy-p\"><p>Esta Pol\u00edtica de Cookies explica qu\u00e9 son las cookies y c\u00f3mo las usamos, los tipos de cookies que utilizamos, es decir, la informaci\u00f3n que recopilamos mediante cookies, c\u00f3mo se usa esa informaci\u00f3n y c\u00f3mo gestionar la configuraci\u00f3n de cookies.<\/p> <p>Las cookies son peque\u00f1os archivos de texto que se utilizan para almacenar peque\u00f1os fragmentos de informaci\u00f3n. Se almacenan en tu dispositivo cuando el sitio web se carga en tu navegador. Estas cookies nos ayudan a que el sitio web funcione correctamente, sea m\u00e1s seguro, proporcione una mejor experiencia de usuario y nos permitan entender c\u00f3mo funciona el sitio web y analizar qu\u00e9 funciona y qu\u00e9 necesita mejorar.<\/p><\/div>\n\n&nbsp;\n<h5>\u00bfC\u00f3mo utilizamos las cookies?<\/h5>\n<div class=\"cookie-policy-p\"><p>Como la mayor\u00eda de los servicios en l\u00ednea, nuestro sitio web utiliza cookies de origen y de terceros para varios prop\u00f3sitos. Las cookies de origen son principalmente necesarias para que el sitio funcione correctamente, y no recopilan datos personales identificables.<\/p> <p>Las cookies de terceros en nuestro sitio web son principalmente para entender c\u00f3mo funciona el sitio web, c\u00f3mo interact\u00faas con nuestro sitio, mantener nuestros servicios seguros, proporcionar anuncios que sean relevantes para ti y, en general, ofrecerte una mejor experiencia de usuario y agilizar tus futuras interacciones con nuestro sitio web.<\/p><\/div>\n\n&nbsp;\n    <h5>Tipos de cookies que utilizamos<\/h5>\n\n    <div class=\"cky-audit-table-element\"><\/div>\n\n&nbsp;\n    <h5 style=\"margin-bottom:20px;\">Gestionar preferencias de cookies<\/h5>\n\n    <a class=\"cky-banner-element\">Configuraci\u00f3n de Cookies<\/a> <br\/>\n\n    <div><p>Puedes cambiar tus preferencias de cookies en cualquier momento haciendo clic en el bot\u00f3n de arriba. Esto te permitir\u00e1 volver a mostrar el banner de consentimiento de cookies y cambiar tus preferencias o retirar tu consentimiento de inmediato. <\/p> <p>Adem\u00e1s de esto, los diferentes navegadores proporcionan diferentes m\u00e9todos para bloquear y eliminar cookies utilizadas por sitios web. Puedes cambiar la configuraci\u00f3n de tu navegador para bloquear\/eliminar las cookies. A continuaci\u00f3n se incluyen los enlaces a los documentos de soporte sobre c\u00f3mo gestionar y eliminar cookies de los principales navegadores web.<\/p> <p>Chrome: <a target=\"_blank\" href=\"https:\/\/support.google.com\/accounts\/answer\/32050\">https:\/\/support.google.com\/accounts\/answer\/32050<\/a><\/p><p>Safari: <a target=\"_blank\" href=\"https:\/\/support.apple.com\/en-in\/guide\/safari\/sfri11471\/mac\">https:\/\/support.apple.com\/en-in\/guide\/safari\/sfri11471\/mac<\/a><\/p><p>Firefox: <a target=\"_blank\" href=\"https:\/\/support.mozilla.org\/en-US\/kb\/clear-cookies-and-site-data-firefox?redirectslug=delete-cookies-remove-info-websites-stored&amp;redirectlocale=en-US\">https:\/\/support.mozilla.org\/en-US\/kb\/clear-cookies-and-site-data-firefox?redirectslug=delete-cookies-remove-info-websites-stored&amp;redirectlocale=en-US<\/a><\/p><p>Internet Explorer: <a target=\"_blank\" href=\"https:\/\/support.microsoft.com\/en-us\/topic\/how-to-delete-cookie-files-in-internet-explorer-bca9446f-d873-78de-77ba-d42645fa52fc\">https:\/\/support.microsoft.com\/en-us\/topic\/how-to-delete-cookie-files-in-internet-explorer-bca9446f-d873-78de-77ba-d42645fa52fc<\/a><\/p><p>Si utilizas cualquier otro navegador web, visita los documentos de soporte oficiales de tu navegador.<\/p><\/div>\n\n\n&nbsp;\n<p class=\"cookie-policy-p\">\n    Pol\u00edtica de Cookies generada por <a target=\"_blank\" href=\"https:\/\/www.cookieyes.com\/?utm_source=CP&#038;utm_medium=footer&#038;utm_campaign=UW\">CookieYes &#8211; Generador de Pol\u00edtica de Cookies<\/a>.\n<\/p>\n\t\t\t\t\t\t<\/div>\n\t\t\t\t<\/div>\n\t\t\t\t\t<\/div>\n\t\t<\/div>\n\t\t\t\t\t<\/div>\n\t\t<\/section>\n\t\t\t\t<\/div>\n\t\t","protected":false},"excerpt":{"rendered":"<p>Pol\u00edtica de Cookies Fecha de entrada en vigor: 20-Sep-2024 \u00daltima actualizaci\u00f3n: 20-Sep-2024 &nbsp; \u00bfQu\u00e9 son las cookies? Esta Pol\u00edtica de Cookies explica qu\u00e9 son las cookies y c\u00f3mo las usamos, los tipos de cookies que utilizamos, es decir, la informaci\u00f3n que recopilamos mediante cookies, c\u00f3mo se usa esa informaci\u00f3n y c\u00f3mo gestionar la configuraci\u00f3n de [&hellip;]<\/p>\n","protected":false},"author":2,"featured_media":0,"parent":0,"menu_order":0,"comment_status":"closed","ping_status":"open","template":"","meta":{"footnotes":""},"class_list":["post-6042","page","type-page","status-publish","hentry"],"yoast_head":"<!-- This site is optimized with the Yoast SEO plugin v23.4 - https:\/\/yoast.com\/wordpress\/plugins\/seo\/ -->\n<title>Politica De Cookies - Einitia<\/title>\n<meta name=\"robots\" content=\"index, follow, max-snippet:-1, max-image-preview:large, max-video-preview:-1\" \/>\n<link rel=\"canonical\" href=\"https:\/\/einitia.com\/kit\/cookies\/\" \/>\n<meta property=\"og:locale\" content=\"es_ES\" \/>\n<meta property=\"og:type\" content=\"article\" \/>\n<meta property=\"og:title\" content=\"Politica De Cookies - Einitia\" \/>\n<meta property=\"og:description\" content=\"Pol\u00edtica de Cookies Fecha de entrada en vigor: 20-Sep-2024 \u00daltima actualizaci\u00f3n: 20-Sep-2024 &nbsp; \u00bfQu\u00e9 son las cookies? Esta Pol\u00edtica de Cookies explica qu\u00e9 son las cookies y c\u00f3mo las usamos, los tipos de cookies que utilizamos, es decir, la informaci\u00f3n que recopilamos mediante cookies, c\u00f3mo se usa esa informaci\u00f3n y c\u00f3mo gestionar la configuraci\u00f3n de [&hellip;]\" \/>\n<meta property=\"og:url\" content=\"https:\/\/einitia.com\/kit\/cookies\/\" \/>\n<meta property=\"og:site_name\" content=\"Einitia\" \/>\n<meta property=\"article:modified_time\" content=\"2024-09-20T10:43:49+00:00\" \/>\n<meta name=\"twitter:card\" content=\"summary_large_image\" \/>\n<meta name=\"twitter:label1\" content=\"Tiempo de lectura\" \/>\n\t<meta name=\"twitter:data1\" content=\"2 minutos\" \/>\n<script type=\"application\/ld+json\" class=\"yoast-schema-graph\">{\"@context\":\"https:\/\/schema.org\",\"@graph\":[{\"@type\":\"WebPage\",\"@id\":\"https:\/\/einitia.com\/kit\/cookies\/\",\"url\":\"https:\/\/einitia.com\/kit\/cookies\/\",\"name\":\"Politica De Cookies - Einitia\",\"isPartOf\":{\"@id\":\"https:\/\/einitia.com\/kit\/#website\"},\"datePublished\":\"2022-05-05T06:39:26+00:00\",\"dateModified\":\"2024-09-20T10:43:49+00:00\",\"breadcrumb\":{\"@id\":\"https:\/\/einitia.com\/kit\/cookies\/#breadcrumb\"},\"inLanguage\":\"es\",\"potentialAction\":[{\"@type\":\"ReadAction\",\"target\":[\"https:\/\/einitia.com\/kit\/cookies\/\"]}]},{\"@type\":\"BreadcrumbList\",\"@id\":\"https:\/\/einitia.com\/kit\/cookies\/#breadcrumb\",\"itemListElement\":[{\"@type\":\"ListItem\",\"position\":1,\"name\":\"Portada\",\"item\":\"https:\/\/einitia.com\/kit\/\"},{\"@type\":\"ListItem\",\"position\":2,\"name\":\"Politica De Cookies\"}]},{\"@type\":\"WebSite\",\"@id\":\"https:\/\/einitia.com\/kit\/#website\",\"url\":\"https:\/\/einitia.com\/kit\/\",\"name\":\"Einitia\",\"description\":\"Kit Digital \",\"potentialAction\":[{\"@type\":\"SearchAction\",\"target\":{\"@type\":\"EntryPoint\",\"urlTemplate\":\"https:\/\/einitia.com\/kit\/?s={search_term_string}\"},\"query-input\":{\"@type\":\"PropertyValueSpecification\",\"valueRequired\":true,\"valueName\":\"search_term_string\"}}],\"inLanguage\":\"es\"}]}<\/script>\n<!-- \/ Yoast SEO plugin. -->","yoast_head_json":{"title":"Politica De Cookies - Einitia","robots":{"index":"index","follow":"follow","max-snippet":"max-snippet:-1","max-image-preview":"max-image-preview:large","max-video-preview":"max-video-preview:-1"},"canonical":"https:\/\/einitia.com\/kit\/cookies\/","og_locale":"es_ES","og_type":"article","og_title":"Politica De Cookies - Einitia","og_description":"Pol\u00edtica de Cookies Fecha de entrada en vigor: 20-Sep-2024 \u00daltima actualizaci\u00f3n: 20-Sep-2024 &nbsp; \u00bfQu\u00e9 son las cookies? Esta Pol\u00edtica de Cookies explica qu\u00e9 son las cookies y c\u00f3mo las usamos, los tipos de cookies que utilizamos, es decir, la informaci\u00f3n que recopilamos mediante cookies, c\u00f3mo se usa esa informaci\u00f3n y c\u00f3mo gestionar la configuraci\u00f3n de [&hellip;]","og_url":"https:\/\/einitia.com\/kit\/cookies\/","og_site_name":"Einitia","article_modified_time":"2024-09-20T10:43:49+00:00","twitter_card":"summary_large_image","twitter_misc":{"Tiempo de lectura":"2 minutos"},"schema":{"@context":"https:\/\/schema.org","@graph":[{"@type":"WebPage","@id":"https:\/\/einitia.com\/kit\/cookies\/","url":"https:\/\/einitia.com\/kit\/cookies\/","name":"Politica De Cookies - Einitia","isPartOf":{"@id":"https:\/\/einitia.com\/kit\/#website"},"datePublished":"2022-05-05T06:39:26+00:00","dateModified":"2024-09-20T10:43:49+00:00","breadcrumb":{"@id":"https:\/\/einitia.com\/kit\/cookies\/#breadcrumb"},"inLanguage":"es","potentialAction":[{"@type":"ReadAction","target":["https:\/\/einitia.com\/kit\/cookies\/"]}]},{"@type":"BreadcrumbList","@id":"https:\/\/einitia.com\/kit\/cookies\/#breadcrumb","itemListElement":[{"@type":"ListItem","position":1,"name":"Portada","item":"https:\/\/einitia.com\/kit\/"},{"@type":"ListItem","position":2,"name":"Politica De Cookies"}]},{"@type":"WebSite","@id":"https:\/\/einitia.com\/kit\/#website","url":"https:\/\/einitia.com\/kit\/","name":"Einitia","description":"Kit Digital ","potentialAction":[{"@type":"SearchAction","target":{"@type":"EntryPoint","urlTemplate":"https:\/\/einitia.com\/kit\/?s={search_term_string}"},"query-input":{"@type":"PropertyValueSpecification","valueRequired":true,"valueName":"search_term_string"}}],"inLanguage":"es"}]}},"_links":{"self":[{"href":"https:\/\/einitia.com\/kit\/wp-json\/wp\/v2\/pages\/6042","targetHints":{"allow":["GET"]}}],"collection":[{"href":"https:\/\/einitia.com\/kit\/wp-json\/wp\/v2\/pages"}],"about":[{"href":"https:\/\/einitia.com\/kit\/wp-json\/wp\/v2\/types\/page"}],"author":[{"embeddable":true,"href":"https:\/\/einitia.com\/kit\/wp-json\/wp\/v2\/users\/2"}],"replies":[{"embeddable":true,"href":"https:\/\/einitia.com\/kit\/wp-json\/wp\/v2\/comments?post=6042"}],"version-history":[{"count":9,"href":"https:\/\/einitia.com\/kit\/wp-json\/wp\/v2\/pages\/6042\/revisions"}],"predecessor-version":[{"id":6682,"href":"https:\/\/einitia.com\/kit\/wp-json\/wp\/v2\/pages\/6042\/revisions\/6682"}],"wp:attachment":[{"href":"https:\/\/einitia.com\/kit\/wp-json\/wp\/v2\/media?parent=6042"}],"curies":[{"name":"wp","href":"https:\/\/api.w.org\/{rel}","templated":true}]}}